{"id":566,"date":"2020-09-08T09:22:44","date_gmt":"2020-09-08T09:22:44","guid":{"rendered":"http:\/\/wpdemo.archiwp.com\/maxbizz\/?page_id=566"},"modified":"2024-04-29T21:04:52","modified_gmt":"2024-04-29T21:04:52","slug":"preguntas-frecuentes","status":"publish","type":"page","link":"https:\/\/porteseguros.com\/?page_id=566","title":{"rendered":"Preguntas frecuentes"},"content":{"rendered":"\t\t<div data-elementor-type=\"wp-page\" data-elementor-id=\"566\" class=\"elementor elementor-566\" data-elementor-post-type=\"page\">\n\t\t\t\t\t\t<section class=\"elementor-section elementor-top-section elementor-element elementor-element-1fad6c2 elementor-section-boxed elementor-section-height-default elementor-section-height-default\" data-id=\"1fad6c2\" data-element_type=\"section\">\n\t\t\t\t\t\t<div class=\"elementor-container elementor-column-gap-default\">\n\t\t\t\t\t<div class=\"elementor-column elementor-col-100 elementor-top-column elementor-element elementor-element-cfef8fb ot-flex-column-vertical\" data-id=\"cfef8fb\" data-element_type=\"column\">\n\t\t\t<div class=\"elementor-widget-wrap elementor-element-populated\">\n\t\t\t\t\t\t<section class=\"elementor-section elementor-inner-section elementor-element elementor-element-b29ca39 elementor-section-full_width elementor-section-height-default elementor-section-height-default\" data-id=\"b29ca39\" data-element_type=\"section\">\n\t\t\t\t\t\t<div class=\"elementor-container elementor-column-gap-default\">\n\t\t\t\t\t<div class=\"elementor-column elementor-col-33 elementor-inner-column elementor-element elementor-element-3d04547 ot-flex-column-vertical\" data-id=\"3d04547\" data-element_type=\"column\">\n\t\t\t<div class=\"elementor-widget-wrap\">\n\t\t\t\t\t\t\t<\/div>\n\t\t<\/div>\n\t\t\t\t<div class=\"elementor-column elementor-col-33 elementor-inner-column elementor-element elementor-element-ba86566 ot-flex-column-vertical\" data-id=\"ba86566\" data-element_type=\"column\">\n\t\t\t<div class=\"elementor-widget-wrap elementor-element-populated\">\n\t\t\t\t\t\t<div class=\"elementor-element elementor-element-4865c99 elementor-widget elementor-widget-iheading\" data-id=\"4865c99\" data-element_type=\"widget\" data-widget_type=\"iheading.default\">\n\t\t\t\t<div class=\"elementor-widget-container\">\n\t\t\t\t\t<div class=\"ot-heading\">\r\n\t        \t        <h3 class=\"main-head\">Preguntas frecuentes<\/h3>\t    <\/div>\r\n\t    \t\t<\/div>\n\t\t\t\t<\/div>\n\t\t\t\t<div class=\"elementor-element elementor-element-f714140 elementor-widget elementor-widget-text-editor\" data-id=\"f714140\" data-element_type=\"widget\" data-widget_type=\"text-editor.default\">\n\t\t\t\t<div class=\"elementor-widget-container\">\n\t\t\t\t\t\t\tEncuentra la respuesta de tus dudas\t\t\t\t\t\t<\/div>\n\t\t\t\t<\/div>\n\t\t\t\t\t<\/div>\n\t\t<\/div>\n\t\t\t\t<div class=\"elementor-column elementor-col-33 elementor-inner-column elementor-element elementor-element-af5bfe2 ot-flex-column-vertical\" data-id=\"af5bfe2\" data-element_type=\"column\">\n\t\t\t<div class=\"elementor-widget-wrap\">\n\t\t\t\t\t\t\t<\/div>\n\t\t<\/div>\n\t\t\t\t\t<\/div>\n\t\t<\/section>\n\t\t\t\t<section class=\"elementor-section elementor-inner-section elementor-element elementor-element-0e107ea elementor-section-full_width elementor-section-height-default elementor-section-height-default\" data-id=\"0e107ea\" data-element_type=\"section\">\n\t\t\t\t\t\t<div class=\"elementor-container elementor-column-gap-extended\">\n\t\t\t\t\t<div class=\"elementor-column elementor-col-50 elementor-inner-column elementor-element elementor-element-531351e ot-flex-column-vertical\" data-id=\"531351e\" data-element_type=\"column\">\n\t\t\t<div class=\"elementor-widget-wrap elementor-element-populated\">\n\t\t\t\t\t\t<div class=\"elementor-element elementor-element-2e8ff7b elementor-widget elementor-widget-iaccordions\" data-id=\"2e8ff7b\" data-element_type=\"widget\" data-widget_type=\"iaccordions.default\">\n\t\t\t\t<div class=\"elementor-widget-container\">\n\t\t\t\r\n\t\t<div class=\"ot-accordions\">\r\n\t\t\t\t\t\t<div class=\"acc-item\">\r\n\t\t\t\t<div class=\"acc-toggle flex-middle\" data-default=\"yes\" >\u00bfQu\u00e9 es el deducible? \r\n\t\t\t\t\t<i class=\"ot-flaticon-arrowsoutline\"><\/i>\r\n\t\t\t\t<\/div>\r\n\t\t\t\t<div class=\"acc-content\">\r\n\t\t\t\t\tEs la participaci\u00f3n del asegurado con su enfermedad o su accidente.\t\t\t\t<\/div>\r\n\t\t\t<\/div>\r\n\t\t\t\t\t\t<div class=\"acc-item\">\r\n\t\t\t\t<div class=\"acc-toggle flex-middle\"  >\u00bfCu\u00e1ntos d\u00edas tengo para pagar mi renovaci\u00f3n? \r\n\t\t\t\t\t<i class=\"ot-flaticon-arrowsoutline\"><\/i>\r\n\t\t\t\t<\/div>\r\n\t\t\t\t<div class=\"acc-content\">\r\n\t\t\t\t\tDepende del Ramo, Autos 14 d\u00edas en Gastos M\u00e9dicos, Seguros de vida, Ahorro y Da\u00f1os\n30 d\u00edas a partir de la vigencia\t\t\t\t<\/div>\r\n\t\t\t<\/div>\r\n\t\t\t\t\t\t<div class=\"acc-item\">\r\n\t\t\t\t<div class=\"acc-toggle flex-middle\"  >\u00bfCu\u00e1ntos d\u00edas tengo para pagar mi renovaci\u00f3n? \r\n\t\t\t\t\t<i class=\"ot-flaticon-arrowsoutline\"><\/i>\r\n\t\t\t\t<\/div>\r\n\t\t\t\t<div class=\"acc-content\">\r\n\t\t\t\t\tDepende del Ramo, Autos 14 d\u00edas en Gastos M\u00e9dicos, Seguros de vida, Ahorro y Da\u00f1os\n30 d\u00edas a partir de la vigencia\t\t\t\t<\/div>\r\n\t\t\t<\/div>\r\n\t\t\t\t\t\t<div class=\"acc-item\">\r\n\t\t\t\t<div class=\"acc-toggle flex-middle\"  >\u00bf Pasos para cobrar el reembolso? \r\n\t\t\t\t\t<i class=\"ot-flaticon-arrowsoutline\"><\/i>\r\n\t\t\t\t<\/div>\r\n\t\t\t\t<div class=\"acc-content\">\r\n\t\t\t\t\t<p>Paso 1.- Informe M\u00e9dico del tratante<br \/>Paso 2.- Aviso del Accidente<br \/>Paso 3.- Estudios que corroboren la enfermedad<br \/>Paso 4 .- Facturas de medicamentos, estudios y gastos que est\u00e1n relacionados con<br \/>el padecimiento<br \/>Paso 5.- Clabe Interbancaria para realizar el traspaso en caso de autorizar el<br \/>reembolso<br \/>Paso 6.- Entrega de documentaci\u00f3n a su agente<br \/>Paso 7.- Plazo de pago de 5 a 6 d\u00edas h\u00e1biles con la informaci\u00f3n correcta<\/p>\t\t\t\t<\/div>\r\n\t\t\t<\/div>\r\n\t\t\t\t\t\t<div class=\"acc-item\">\r\n\t\t\t\t<div class=\"acc-toggle flex-middle\"  >Formato de reembolso? \r\n\t\t\t\t\t<i class=\"ot-flaticon-arrowsoutline\"><\/i>\r\n\t\t\t\t<\/div>\r\n\t\t\t\t<div class=\"acc-content\">\r\n\t\t\t\t\t<p><a href=\"https:\/\/acrobat.adobe.com\/link\/review?uri=urn:aaid:scds:US:cc37b825-f68a-3a5a-89a4-9a40ff43e30d\">https:\/\/acrobat.adobe.com\/link\/review?uri=urn:aaid:scds:US:cc37b825-f68a-3a5a-89a4-9a40ff43e30d<\/a><\/p>\t\t\t\t<\/div>\r\n\t\t\t<\/div>\r\n\t\t\t\t\t\t<div class=\"acc-item\">\r\n\t\t\t\t<div class=\"acc-toggle flex-middle\"  >\u00bfCu\u00e1ndo la aseguradora paga de forma directa? \r\n\t\t\t\t\t<i class=\"ot-flaticon-arrowsoutline\"><\/i>\r\n\t\t\t\t<\/div>\r\n\t\t\t\t<div class=\"acc-content\">\r\n\t\t\t\t\t<p>\u00a0<\/p><p>Cuando se tiene una estancia en el hospital mayor de 24 hrs. la aseguradora realiza el<br \/>pago directo de los gastos del siniestro; siempre y cuando se tenga toda la documentacion<br \/>en regla.<\/p>\t\t\t\t<\/div>\r\n\t\t\t<\/div>\r\n\t\t\t\t\t\t<div class=\"acc-item\">\r\n\t\t\t\t<div class=\"acc-toggle flex-middle\"  >\u00bf Cada cuanto se tiene que pagar la p\u00f3liza? \r\n\t\t\t\t\t<i class=\"ot-flaticon-arrowsoutline\"><\/i>\r\n\t\t\t\t<\/div>\r\n\t\t\t\t<div class=\"acc-content\">\r\n\t\t\t\t\tDepende del seguro, normalmente las p\u00f3lizas se pueden pagar de forma mensual,\ntrimestral, semestral y anual. En la forma anual se evitan pagos fraccionados por lo cual\npuede disminuir la Prima de la P\u00f3liza.\t\t\t\t<\/div>\r\n\t\t\t<\/div>\r\n\t\t\t\t    <\/div>\r\n\r\n\t    \t\t<\/div>\n\t\t\t\t<\/div>\n\t\t\t\t\t<\/div>\n\t\t<\/div>\n\t\t\t\t<div class=\"elementor-column elementor-col-50 elementor-inner-column elementor-element elementor-element-a627a5f ot-flex-column-vertical\" data-id=\"a627a5f\" data-element_type=\"column\">\n\t\t\t<div class=\"elementor-widget-wrap elementor-element-populated\">\n\t\t\t\t\t\t<div class=\"elementor-element elementor-element-8463953 elementor-widget elementor-widget-iaccordions\" data-id=\"8463953\" data-element_type=\"widget\" data-widget_type=\"iaccordions.default\">\n\t\t\t\t<div class=\"elementor-widget-container\">\n\t\t\t\r\n\t\t<div class=\"ot-accordions\">\r\n\t\t\t\t\t\t<div class=\"acc-item\">\r\n\t\t\t\t<div class=\"acc-toggle flex-middle\" data-default=\"yes\" >\u00bfSe puede pagar en meses sin intereses? \r\n\t\t\t\t\t<i class=\"ot-flaticon-arrowsoutline\"><\/i>\r\n\t\t\t\t<\/div>\r\n\t\t\t\t<div class=\"acc-content\">\r\n\t\t\t\t\tS\u00ed , siempre y cuando la tarjeta con la que se pagar\u00e1 entre dentro de las participantes\n(eso se revisa directamente con la compa\u00f1\u00eda aseguradora o tu agente)\t\t\t\t<\/div>\r\n\t\t\t<\/div>\r\n\t\t\t\t\t\t<div class=\"acc-item\">\r\n\t\t\t\t<div class=\"acc-toggle flex-middle\"  >\u00bfMis p\u00f3lizas son deducibles de impuestos? \r\n\t\t\t\t\t<i class=\"ot-flaticon-arrowsoutline\"><\/i>\r\n\t\t\t\t<\/div>\r\n\t\t\t\t<div class=\"acc-content\">\r\n\t\t\t\t\tS\u00ed, siempre y cuando sean las de servicios, como: Gastos m\u00e9dicos, autom\u00f3viles y\nda\u00f1os. Algunos Seguros de Ahorro y Retiro pueden entrar en este esquema.\t\t\t\t<\/div>\r\n\t\t\t<\/div>\r\n\t\t\t\t\t\t<div class=\"acc-item\">\r\n\t\t\t\t<div class=\"acc-toggle flex-middle\"  >\u00bf Qu\u00e9 cobertura tienes en seguros? \r\n\t\t\t\t\t<i class=\"ot-flaticon-arrowsoutline\"><\/i>\r\n\t\t\t\t<\/div>\r\n\t\t\t\t<div class=\"acc-content\">\r\n\t\t\t\t\tNivel Nacional e Internacional\t\t\t\t<\/div>\r\n\t\t\t<\/div>\r\n\t\t\t\t\t\t<div class=\"acc-item\">\r\n\t\t\t\t<div class=\"acc-toggle flex-middle\"  >\u00bf Qu\u00e9 tipo de seguros tienen? \r\n\t\t\t\t\t<i class=\"ot-flaticon-arrowsoutline\"><\/i>\r\n\t\t\t\t<\/div>\r\n\t\t\t\t<div class=\"acc-content\">\r\n\t\t\t\t\tGastos Medicos, Vida, Ahorro, Autos ligeros y pesados, Da\u00f1os, Responsabilidad Civi.l\t\t\t\t<\/div>\r\n\t\t\t<\/div>\r\n\t\t\t\t\t\t<div class=\"acc-item\">\r\n\t\t\t\t<div class=\"acc-toggle flex-middle\"  >\u00bf Quien me puede cotizar ? \r\n\t\t\t\t\t<i class=\"ot-flaticon-arrowsoutline\"><\/i>\r\n\t\t\t\t<\/div>\r\n\t\t\t\t<div class=\"acc-content\">\r\n\t\t\t\t\tCualquier asesor de Porte Seguros te puede orientar con cualquier duda que tengas.\nContactanos, estaremos felices de ayudarte.\t\t\t\t<\/div>\r\n\t\t\t<\/div>\r\n\t\t\t\t\t\t<div class=\"acc-item\">\r\n\t\t\t\t<div class=\"acc-toggle flex-middle\"  >\u00bf N\u00famero de contacto de un agente? \r\n\t\t\t\t\t<i class=\"ot-flaticon-arrowsoutline\"><\/i>\r\n\t\t\t\t<\/div>\r\n\t\t\t\t<div class=\"acc-content\">\r\n\t\t\t\t\t(33) 3826 3092 , (33)3563 4042\t\t\t\t<\/div>\r\n\t\t\t<\/div>\r\n\t\t\t\t    <\/div>\r\n\r\n\t    \t\t<\/div>\n\t\t\t\t<\/div>\n\t\t\t\t\t<\/div>\n\t\t<\/div>\n\t\t\t\t\t<\/div>\n\t\t<\/section>\n\t\t\t\t\t<\/div>\n\t\t<\/div>\n\t\t\t\t\t<\/div>\n\t\t<\/section>\n\t\t\t\t<section class=\"elementor-section elementor-top-section elementor-element elementor-element-84019eb elementor-section-content-middle elementor-section-boxed elementor-section-height-default elementor-section-height-default\" data-id=\"84019eb\" data-element_type=\"section\" data-settings=\"{&quot;background_background&quot;:&quot;classic&quot;}\">\n\t\t\t\t\t\t<div class=\"elementor-container elementor-column-gap-extended\">\n\t\t\t\t\t<div class=\"elementor-column elementor-col-66 elementor-top-column elementor-element elementor-element-6f925c9 ot-flex-column-vertical\" data-id=\"6f925c9\" data-element_type=\"column\">\n\t\t\t<div class=\"elementor-widget-wrap elementor-element-populated\">\n\t\t\t\t\t\t<div class=\"elementor-element elementor-element-70c78a1 elementor-widget elementor-widget-heading\" data-id=\"70c78a1\" data-element_type=\"widget\" data-widget_type=\"heading.default\">\n\t\t\t\t<div class=\"elementor-widget-container\">\n\t\t\t<h2 class=\"elementor-heading-title elementor-size-default\">Para m\u00e1s informaci\u00f3n ll\u00e1manos<\/h2>\t\t<\/div>\n\t\t\t\t<\/div>\n\t\t\t\t<div class=\"elementor-element elementor-element-a41d7e6 elementor-widget elementor-widget-text-editor\" data-id=\"a41d7e6\" data-element_type=\"widget\" data-widget_type=\"text-editor.default\">\n\t\t\t\t<div class=\"elementor-widget-container\">\n\t\t\t\t\t\t\t<p>N\u00famero telef\u00f3nico: 3338263092 y 3336770721<\/p>\t\t\t\t\t\t<\/div>\n\t\t\t\t<\/div>\n\t\t\t\t\t<\/div>\n\t\t<\/div>\n\t\t\t\t<div class=\"elementor-column elementor-col-33 elementor-top-column elementor-element elementor-element-152805f ot-flex-column-vertical\" data-id=\"152805f\" data-element_type=\"column\">\n\t\t\t<div class=\"elementor-widget-wrap elementor-element-populated\">\n\t\t\t\t\t\t<div class=\"elementor-element elementor-element-c53e4ac elementor-align-right elementor-mobile-align-left elementor-widget elementor-widget-ibutton\" data-id=\"c53e4ac\" data-element_type=\"widget\" data-widget_type=\"ibutton.default\">\n\t\t\t\t<div class=\"elementor-widget-container\">\n\t\t\t\t\t<div class=\"ot-button\">\r\n\t\t\t<a href=\"https:\/\/porteseguros.com\/?page_id=455\" class=\"octf-btn octf-btn-main\">Contacto<\/a>\r\n\t    <\/div>\r\n\t    \t\t<\/div>\n\t\t\t\t<\/div>\n\t\t\t\t\t<\/div>\n\t\t<\/div>\n\t\t\t\t\t<\/div>\n\t\t<\/section>\n\t\t\t\t<\/div>\n\t\t","protected":false},"excerpt":{"rendered":"<p>Preguntas frecuentes Encuentra la respuesta de tus dudas \u00bfQu\u00e9 es el deducible? Es la participaci\u00f3n del asegurado con su enfermedad o su accidente. \u00bfCu\u00e1ntos d\u00edas tengo para pagar mi renovaci\u00f3n? Depende del Ramo, Autos 14 d\u00edas en Gastos M\u00e9dicos, Seguros de vida, Ahorro y Da\u00f1os 30 d\u00edas a partir de la vigencia \u00bfCu\u00e1ntos d\u00edas tengo [&hellip;]<\/p>\n","protected":false},"author":1,"featured_media":0,"parent":0,"menu_order":0,"comment_status":"closed","ping_status":"closed","template":"","meta":{"footnotes":""},"yoast_head":"<!-- This site is optimized with the Yoast SEO plugin v22.3 - https:\/\/yoast.com\/wordpress\/plugins\/seo\/ -->\n<title>Preguntas frecuentes - Porte seguros - Agentes de seguros<\/title>\n<meta name=\"robots\" content=\"index, follow, max-snippet:-1, max-image-preview:large, max-video-preview:-1\" \/>\n<link rel=\"canonical\" href=\"https:\/\/porteseguros.com\/?page_id=566\" \/>\n<meta property=\"og:locale\" content=\"es_ES\" \/>\n<meta property=\"og:type\" content=\"article\" \/>\n<meta property=\"og:title\" content=\"Preguntas frecuentes - Porte seguros - Agentes de seguros\" \/>\n<meta property=\"og:description\" content=\"Preguntas frecuentes Encuentra la respuesta de tus dudas \u00bfQu\u00e9 es el deducible? Es la participaci\u00f3n del asegurado con su enfermedad o su accidente. \u00bfCu\u00e1ntos d\u00edas tengo para pagar mi renovaci\u00f3n? Depende del Ramo, Autos 14 d\u00edas en Gastos M\u00e9dicos, Seguros de vida, Ahorro y Da\u00f1os 30 d\u00edas a partir de la vigencia \u00bfCu\u00e1ntos d\u00edas tengo [&hellip;]\" \/>\n<meta property=\"og:url\" content=\"https:\/\/porteseguros.com\/?page_id=566\" \/>\n<meta property=\"og:site_name\" content=\"Porte seguros - Agentes de seguros\" \/>\n<meta property=\"article:publisher\" content=\"https:\/\/www.facebook.com\/pages\/Porte-Seguros\/100105071582156\" \/>\n<meta property=\"article:modified_time\" content=\"2024-04-29T21:04:52+00:00\" \/>\n<meta name=\"twitter:card\" content=\"summary_large_image\" \/>\n<meta name=\"twitter:label1\" content=\"Tiempo de lectura\" \/>\n\t<meta name=\"twitter:data1\" content=\"2 minutos\" \/>\n<script type=\"application\/ld+json\" class=\"yoast-schema-graph\">{\"@context\":\"https:\/\/schema.org\",\"@graph\":[{\"@type\":\"WebPage\",\"@id\":\"https:\/\/porteseguros.com\/?page_id=566\",\"url\":\"https:\/\/porteseguros.com\/?page_id=566\",\"name\":\"Preguntas frecuentes - Porte seguros - Agentes de seguros\",\"isPartOf\":{\"@id\":\"https:\/\/porteseguros.com\/#website\"},\"datePublished\":\"2020-09-08T09:22:44+00:00\",\"dateModified\":\"2024-04-29T21:04:52+00:00\",\"breadcrumb\":{\"@id\":\"https:\/\/porteseguros.com\/?page_id=566#breadcrumb\"},\"inLanguage\":\"es\",\"potentialAction\":[{\"@type\":\"ReadAction\",\"target\":[\"https:\/\/porteseguros.com\/?page_id=566\"]}]},{\"@type\":\"BreadcrumbList\",\"@id\":\"https:\/\/porteseguros.com\/?page_id=566#breadcrumb\",\"itemListElement\":[{\"@type\":\"ListItem\",\"position\":1,\"name\":\"Portada\",\"item\":\"https:\/\/porteseguros.com\/\"},{\"@type\":\"ListItem\",\"position\":2,\"name\":\"Preguntas frecuentes\"}]},{\"@type\":\"WebSite\",\"@id\":\"https:\/\/porteseguros.com\/#website\",\"url\":\"https:\/\/porteseguros.com\/\",\"name\":\"Porte seguros\",\"description\":\"Seguro de autom\u00f3vil, seguro de gastos m\u00e9dicos, seguro de vida.\",\"publisher\":{\"@id\":\"https:\/\/porteseguros.com\/#organization\"},\"potentialAction\":[{\"@type\":\"SearchAction\",\"target\":{\"@type\":\"EntryPoint\",\"urlTemplate\":\"https:\/\/porteseguros.com\/?s={search_term_string}\"},\"query-input\":\"required name=search_term_string\"}],\"inLanguage\":\"es\"},{\"@type\":\"Organization\",\"@id\":\"https:\/\/porteseguros.com\/#organization\",\"name\":\"Porte Seguros\",\"url\":\"https:\/\/porteseguros.com\/\",\"logo\":{\"@type\":\"ImageObject\",\"inLanguage\":\"es\",\"@id\":\"https:\/\/porteseguros.com\/#\/schema\/logo\/image\/\",\"url\":\"https:\/\/porteseguros.com\/wp-content\/uploads\/2023\/11\/PorLog.jpg\",\"contentUrl\":\"https:\/\/porteseguros.com\/wp-content\/uploads\/2023\/11\/PorLog.jpg\",\"width\":200,\"height\":200,\"caption\":\"Porte Seguros\"},\"image\":{\"@id\":\"https:\/\/porteseguros.com\/#\/schema\/logo\/image\/\"},\"sameAs\":[\"https:\/\/www.facebook.com\/pages\/Porte-Seguros\/100105071582156\"]}]}<\/script>\n<!-- \/ Yoast SEO plugin. -->","yoast_head_json":{"title":"Preguntas frecuentes - Porte seguros - Agentes de seguros","robots":{"index":"index","follow":"follow","max-snippet":"max-snippet:-1","max-image-preview":"max-image-preview:large","max-video-preview":"max-video-preview:-1"},"canonical":"https:\/\/porteseguros.com\/?page_id=566","og_locale":"es_ES","og_type":"article","og_title":"Preguntas frecuentes - Porte seguros - Agentes de seguros","og_description":"Preguntas frecuentes Encuentra la respuesta de tus dudas \u00bfQu\u00e9 es el deducible? Es la participaci\u00f3n del asegurado con su enfermedad o su accidente. \u00bfCu\u00e1ntos d\u00edas tengo para pagar mi renovaci\u00f3n? Depende del Ramo, Autos 14 d\u00edas en Gastos M\u00e9dicos, Seguros de vida, Ahorro y Da\u00f1os 30 d\u00edas a partir de la vigencia \u00bfCu\u00e1ntos d\u00edas tengo [&hellip;]","og_url":"https:\/\/porteseguros.com\/?page_id=566","og_site_name":"Porte seguros - Agentes de seguros","article_publisher":"https:\/\/www.facebook.com\/pages\/Porte-Seguros\/100105071582156","article_modified_time":"2024-04-29T21:04:52+00:00","twitter_card":"summary_large_image","twitter_misc":{"Tiempo de lectura":"2 minutos"},"schema":{"@context":"https:\/\/schema.org","@graph":[{"@type":"WebPage","@id":"https:\/\/porteseguros.com\/?page_id=566","url":"https:\/\/porteseguros.com\/?page_id=566","name":"Preguntas frecuentes - Porte seguros - Agentes de seguros","isPartOf":{"@id":"https:\/\/porteseguros.com\/#website"},"datePublished":"2020-09-08T09:22:44+00:00","dateModified":"2024-04-29T21:04:52+00:00","breadcrumb":{"@id":"https:\/\/porteseguros.com\/?page_id=566#breadcrumb"},"inLanguage":"es","potentialAction":[{"@type":"ReadAction","target":["https:\/\/porteseguros.com\/?page_id=566"]}]},{"@type":"BreadcrumbList","@id":"https:\/\/porteseguros.com\/?page_id=566#breadcrumb","itemListElement":[{"@type":"ListItem","position":1,"name":"Portada","item":"https:\/\/porteseguros.com\/"},{"@type":"ListItem","position":2,"name":"Preguntas frecuentes"}]},{"@type":"WebSite","@id":"https:\/\/porteseguros.com\/#website","url":"https:\/\/porteseguros.com\/","name":"Porte seguros","description":"Seguro de autom\u00f3vil, seguro de gastos m\u00e9dicos, seguro de vida.","publisher":{"@id":"https:\/\/porteseguros.com\/#organization"},"potentialAction":[{"@type":"SearchAction","target":{"@type":"EntryPoint","urlTemplate":"https:\/\/porteseguros.com\/?s={search_term_string}"},"query-input":"required name=search_term_string"}],"inLanguage":"es"},{"@type":"Organization","@id":"https:\/\/porteseguros.com\/#organization","name":"Porte Seguros","url":"https:\/\/porteseguros.com\/","logo":{"@type":"ImageObject","inLanguage":"es","@id":"https:\/\/porteseguros.com\/#\/schema\/logo\/image\/","url":"https:\/\/porteseguros.com\/wp-content\/uploads\/2023\/11\/PorLog.jpg","contentUrl":"https:\/\/porteseguros.com\/wp-content\/uploads\/2023\/11\/PorLog.jpg","width":200,"height":200,"caption":"Porte Seguros"},"image":{"@id":"https:\/\/porteseguros.com\/#\/schema\/logo\/image\/"},"sameAs":["https:\/\/www.facebook.com\/pages\/Porte-Seguros\/100105071582156"]}]}},"_links":{"self":[{"href":"https:\/\/porteseguros.com\/index.php?rest_route=\/wp\/v2\/pages\/566"}],"collection":[{"href":"https:\/\/porteseguros.com\/index.php?rest_route=\/wp\/v2\/pages"}],"about":[{"href":"https:\/\/porteseguros.com\/index.php?rest_route=\/wp\/v2\/types\/page"}],"author":[{"embeddable":true,"href":"https:\/\/porteseguros.com\/index.php?rest_route=\/wp\/v2\/users\/1"}],"replies":[{"embeddable":true,"href":"https:\/\/porteseguros.com\/index.php?rest_route=%2Fwp%2Fv2%2Fcomments&post=566"}],"version-history":[{"count":22,"href":"https:\/\/porteseguros.com\/index.php?rest_route=\/wp\/v2\/pages\/566\/revisions"}],"predecessor-version":[{"id":4140,"href":"https:\/\/porteseguros.com\/index.php?rest_route=\/wp\/v2\/pages\/566\/revisions\/4140"}],"wp:attachment":[{"href":"https:\/\/porteseguros.com\/index.php?rest_route=%2Fwp%2Fv2%2Fmedia&parent=566"}],"curies":[{"name":"wp","href":"https:\/\/api.w.org\/{rel}","templated":true}]}}