{"id":455,"date":"2020-09-04T09:27:58","date_gmt":"2020-09-04T09:27:58","guid":{"rendered":"http:\/\/wpdemo.archiwp.com\/maxbizz\/?page_id=455"},"modified":"2024-08-21T21:11:19","modified_gmt":"2024-08-21T21:11:19","slug":"contacto","status":"publish","type":"page","link":"https:\/\/porteseguros.com\/?page_id=455","title":{"rendered":"Contacto"},"content":{"rendered":"\t\t<div data-elementor-type=\"wp-page\" data-elementor-id=\"455\" class=\"elementor elementor-455\" data-elementor-post-type=\"page\">\n\t\t\t\t\t\t<section class=\"elementor-section elementor-top-section elementor-element elementor-element-86d48d0 elementor-section-boxed elementor-section-height-default elementor-section-height-default\" data-id=\"86d48d0\" data-element_type=\"section\">\n\t\t\t\t\t\t<div class=\"elementor-container elementor-column-gap-extended\">\n\t\t\t\t\t<div class=\"elementor-column elementor-col-33 elementor-top-column elementor-element elementor-element-1feabce ot-flex-column-vertical\" data-id=\"1feabce\" data-element_type=\"column\">\n\t\t\t<div class=\"elementor-widget-wrap elementor-element-populated\">\n\t\t\t\t\t\t<div class=\"elementor-element elementor-element-030e332 elementor-widget elementor-widget-iheading\" data-id=\"030e332\" data-element_type=\"widget\" data-widget_type=\"iheading.default\">\n\t\t\t\t<div class=\"elementor-widget-container\">\n\t\t\t\t\t<div class=\"ot-heading\">\r\n\t        \t        <h2 class=\"main-head\">Cont\u00e1ctanos<\/h2>\t    <\/div>\r\n\t    \t\t<\/div>\n\t\t\t\t<\/div>\n\t\t\t\t<div class=\"elementor-element elementor-element-588e854 elementor-widget elementor-widget-text-editor\" data-id=\"588e854\" data-element_type=\"widget\" data-widget_type=\"text-editor.default\">\n\t\t\t\t<div class=\"elementor-widget-container\">\n\t\t\t\t\t\t\tLl\u00e1manos o vis\u00edtanos en cualquier momento, nos esforzamos por responder a todas las consultas dentro de las 24 horas de los d\u00edas h\u00e1biles. Estaremos encantados de responder a tus preguntas.\t\t\t\t\t\t<\/div>\n\t\t\t\t<\/div>\n\t\t\t\t<div class=\"elementor-element elementor-element-130afd7 box-s1 icon-left elementor-widget elementor-widget-iiconbox2\" data-id=\"130afd7\" data-element_type=\"widget\" data-widget_type=\"iiconbox2.default\">\n\t\t\t\t<div class=\"elementor-widget-container\">\n\t\t\t\t\t<div class=\"icon-box icon-box-2\">\r\n\t\t\t<div class=\"icon-main\">\r\n\t\t        <svg xmlns=\"http:\/\/www.w3.org\/2000\/svg\" xmlns:xlink=\"http:\/\/www.w3.org\/1999\/xlink\" x=\"0px\" y=\"0px\" viewBox=\"0 0 512 512\" style=\"enable-background:new 0 0 512 512;\" xml:space=\"preserve\"><g>\t<g>\t\t<path d=\"M256,0C150.125,0,64,86.135,64,192c0,141.646,177.146,310,184.688,317.104C250.75,511.031,253.375,512,256,512   s5.25-0.969,7.313-2.896C270.854,502,448,333.646,448,192C448,86.135,361.875,0,256,0z M256,298.667   c-58.813,0-106.667-47.854-106.667-106.667S197.188,85.333,256,85.333S362.667,133.188,362.667,192S314.813,298.667,256,298.667z\"><\/path>\t<\/g><\/g><\/svg>\t        <\/div>\r\n\t        <div class=\"content-box\">\r\n\t\t\t\t<h6 class=\"title-box\">Direcci\u00f3n<\/h6>\t\t\t\t<p>Pedro Moreno # 1189, Col Americana C.P.44160 Guadalajara, Jalisco, M\u00e9xico<\/p>\t\t\t<\/div>\r\n\t    <\/div>\r\n\t    \t\t<\/div>\n\t\t\t\t<\/div>\n\t\t\t\t<div class=\"elementor-element elementor-element-8ab1650 box-s1 icon-left elementor-widget elementor-widget-iiconbox2\" data-id=\"8ab1650\" data-element_type=\"widget\" data-widget_type=\"iiconbox2.default\">\n\t\t\t\t<div class=\"elementor-widget-container\">\n\t\t\t\t\t<div class=\"icon-box icon-box-2\">\r\n\t\t\t<div class=\"icon-main\">\r\n\t\t        <svg xmlns=\"http:\/\/www.w3.org\/2000\/svg\" xmlns:xlink=\"http:\/\/www.w3.org\/1999\/xlink\" x=\"0px\" y=\"0px\" viewBox=\"0 0 384 384\" style=\"enable-background:new 0 0 384 384;\" xml:space=\"preserve\"><g>\t<g>\t\t<path d=\"M353.188,252.052c-23.51,0-46.594-3.677-68.469-10.906c-10.719-3.656-23.896-0.302-30.438,6.417l-43.177,32.594   c-50.073-26.729-80.917-57.563-107.281-107.26l31.635-42.052c8.219-8.208,11.167-20.198,7.635-31.448   c-7.26-21.99-10.948-45.063-10.948-68.583C132.146,13.823,118.323,0,101.333,0H30.813C13.823,0,0,13.823,0,30.813   C0,225.563,158.438,384,353.188,384c16.99,0,30.813-13.823,30.813-30.813v-70.323C384,265.875,370.177,252.052,353.188,252.052z\"><\/path>\t<\/g><\/g><\/svg>\t        <\/div>\r\n\t        <div class=\"content-box\">\r\n\t\t\t\t<h6 class=\"title-box\">Tel\u00e9fono<\/h6>\t\t\t\t<p>Oficina: (33)38263092<br>\n(33)35634042<br>\n(33)36770721<\/p>\t\t\t<\/div>\r\n\t    <\/div>\r\n\t    \t\t<\/div>\n\t\t\t\t<\/div>\n\t\t\t\t<div class=\"elementor-element elementor-element-f3cf3dd box-s1 icon-left elementor-widget elementor-widget-iiconbox2\" data-id=\"f3cf3dd\" data-element_type=\"widget\" data-widget_type=\"iiconbox2.default\">\n\t\t\t\t<div class=\"elementor-widget-container\">\n\t\t\t\t\t<div class=\"icon-box icon-box-2\">\r\n\t\t\t<div class=\"icon-main\">\r\n\t\t        <svg xmlns=\"http:\/\/www.w3.org\/2000\/svg\" viewBox=\"0 0 24 24\"><path d=\"m8.75 17.612v4.638c0 .324.208.611.516.713.077.025.156.037.234.037.234 0 .46-.11.604-.306l2.713-3.692z\"><\/path><path d=\"m23.685.139c-.23-.163-.532-.185-.782-.054l-22.5 11.75c-.266.139-.423.423-.401.722.023.3.222.556.505.653l6.255 2.138 13.321-11.39-10.308 12.419 10.483 3.583c.078.026.16.04.242.04.136 0 .271-.037.39-.109.19-.116.319-.311.352-.53l2.75-18.5c.041-.28-.077-.558-.307-.722z\"><\/path><\/svg>\t        <\/div>\r\n\t        <div class=\"content-box\">\r\n\t\t\t\t<h6 class=\"title-box\"><a href=\"mailto: contacto@porteseguros.com\">Correo<\/a><\/h6>\t\t\t\t<p>cap@porteseguros.com<\/p>\t\t\t<\/div>\r\n\t    <\/div>\r\n\t    \t\t<\/div>\n\t\t\t\t<\/div>\n\t\t\t\t\t<\/div>\n\t\t<\/div>\n\t\t\t\t<div class=\"elementor-column elementor-col-66 elementor-top-column elementor-element elementor-element-89ca7e2 ot-flex-column-vertical\" data-id=\"89ca7e2\" data-element_type=\"column\">\n\t\t\t<div class=\"elementor-widget-wrap elementor-element-populated\">\n\t\t\t\t\t\t<div class=\"elementor-element elementor-element-4fb28a7 elementor-widget elementor-widget-image\" data-id=\"4fb28a7\" data-element_type=\"widget\" data-widget_type=\"image.default\">\n\t\t\t\t<div class=\"elementor-widget-container\">\n\t\t\t\t\t\t\t\t\t\t\t\t\t<img fetchpriority=\"high\" decoding=\"async\" width=\"560\" height=\"542\" src=\"https:\/\/porteseguros.com\/wp-content\/uploads\/2021\/03\/portecentro-1.png\" class=\"attachment-full size-full wp-image-1740\" alt=\"\" srcset=\"https:\/\/porteseguros.com\/wp-content\/uploads\/2021\/03\/portecentro-1.png 560w, https:\/\/porteseguros.com\/wp-content\/uploads\/2021\/03\/portecentro-1-300x290.png 300w\" sizes=\"(max-width: 560px) 100vw, 560px\" \/>\t\t\t\t\t\t\t\t\t\t\t\t\t<\/div>\n\t\t\t\t<\/div>\n\t\t\t\t\t<\/div>\n\t\t<\/div>\n\t\t\t\t\t<\/div>\n\t\t<\/section>\n\t\t\t\t<section class=\"elementor-section elementor-top-section elementor-element elementor-element-a5be57a elementor-section-boxed elementor-section-height-default elementor-section-height-default\" data-id=\"a5be57a\" data-element_type=\"section\">\n\t\t\t\t\t\t<div class=\"elementor-container elementor-column-gap-default\">\n\t\t\t\t\t<div class=\"elementor-column elementor-col-100 elementor-top-column elementor-element elementor-element-574fa46 ot-flex-column-vertical\" data-id=\"574fa46\" data-element_type=\"column\">\n\t\t\t<div class=\"elementor-widget-wrap elementor-element-populated\">\n\t\t\t\t\t\t<div class=\"elementor-element elementor-element-5744bd7 elementor-button-align-center elementor-widget elementor-widget-form\" data-id=\"5744bd7\" data-element_type=\"widget\" data-settings=\"{&quot;step_next_label&quot;:&quot;Next&quot;,&quot;step_previous_label&quot;:&quot;Previous&quot;,&quot;button_width&quot;:&quot;100&quot;,&quot;step_type&quot;:&quot;number_text&quot;,&quot;step_icon_shape&quot;:&quot;circle&quot;}\" data-widget_type=\"form.default\">\n\t\t\t\t<div class=\"elementor-widget-container\">\n\t\t\t\t\t<form class=\"elementor-form\" method=\"post\" name=\"GMM\">\n\t\t\t<input type=\"hidden\" name=\"post_id\" value=\"455\"\/>\n\t\t\t<input type=\"hidden\" name=\"form_id\" value=\"5744bd7\"\/>\n\t\t\t<input type=\"hidden\" name=\"referer_title\" value=\"Porte seguros &#8211; Agentes de seguros\" \/>\n\n\t\t\t\n\t\t\t<div class=\"elementor-form-fields-wrapper elementor-labels-\">\n\t\t\t\t\t\t\t\t<div class=\"elementor-field-type-text elementor-field-group elementor-column elementor-field-group-ws2hbkk elementor-col-50 elementor-field-required\">\n\t\t\t\t\t\t\t\t\t\t\t\t<label for=\"form-field-ws2hbkk\" class=\"elementor-field-label elementor-screen-only\">\n\t\t\t\t\t\t\t\tNombre\t\t\t\t\t\t\t<\/label>\n\t\t\t\t\t\t\t\t\t\t\t\t\t\t<input size=\"1\" type=\"text\" name=\"form_fields[ws2hbkk]\" id=\"form-field-ws2hbkk\" class=\"elementor-field elementor-size-sm  elementor-field-textual\" placeholder=\"Nombre\" required=\"required\" aria-required=\"true\">\n\t\t\t\t\t\t\t\t\t\t\t<\/div>\n\t\t\t\t\t\t\t\t<div class=\"elementor-field-type-email elementor-field-group elementor-column elementor-field-group-13k7qic elementor-col-50 elementor-field-required\">\n\t\t\t\t\t\t\t\t\t\t\t\t<label for=\"form-field-13k7qic\" class=\"elementor-field-label elementor-screen-only\">\n\t\t\t\t\t\t\t\tEmail\t\t\t\t\t\t\t<\/label>\n\t\t\t\t\t\t\t\t\t\t\t\t\t\t<input size=\"1\" type=\"email\" name=\"form_fields[13k7qic]\" id=\"form-field-13k7qic\" class=\"elementor-field elementor-size-sm  elementor-field-textual\" placeholder=\"Correo\" required=\"required\" aria-required=\"true\">\n\t\t\t\t\t\t\t\t\t\t\t<\/div>\n\t\t\t\t\t\t\t\t<div class=\"elementor-field-type-tel elementor-field-group elementor-column elementor-field-group-9qvq9sb elementor-col-50 elementor-field-required\">\n\t\t\t\t\t\t\t\t\t\t\t\t<label for=\"form-field-9qvq9sb\" class=\"elementor-field-label elementor-screen-only\">\n\t\t\t\t\t\t\t\tTel\u00e9fono\t\t\t\t\t\t\t<\/label>\n\t\t\t\t\t\t\t\t<input size=\"1\" type=\"tel\" name=\"form_fields[9qvq9sb]\" id=\"form-field-9qvq9sb\" class=\"elementor-field elementor-size-sm  elementor-field-textual\" placeholder=\"Tel\u00e9fono\" required=\"required\" aria-required=\"true\" pattern=\"[0-9()#&amp;+*-=.]+\" title=\"Solo se aceptan n\u00fameros y caracteres de tel\u00e9fono (#,-,*,etc).\">\n\n\t\t\t\t\t\t<\/div>\n\t\t\t\t\t\t\t\t<div class=\"elementor-field-type-text elementor-field-group elementor-column elementor-field-group-field_6247141 elementor-col-50 elementor-field-required\">\n\t\t\t\t\t\t\t\t\t\t\t\t<label for=\"form-field-field_6247141\" class=\"elementor-field-label elementor-screen-only\">\n\t\t\t\t\t\t\t\tMensaje\t\t\t\t\t\t\t<\/label>\n\t\t\t\t\t\t\t\t\t\t\t\t\t\t<input size=\"1\" type=\"text\" name=\"form_fields[field_6247141]\" id=\"form-field-field_6247141\" class=\"elementor-field elementor-size-sm  elementor-field-textual\" placeholder=\"Mensaje\" required=\"required\" aria-required=\"true\">\n\t\t\t\t\t\t\t\t\t\t\t<\/div>\n\t\t\t\t\t\t\t\t<div class=\"elementor-field-type-recaptcha_v3 elementor-field-group elementor-column elementor-field-group-field_6f07c32 elementor-col-100 recaptcha_v3-bottomleft\">\n\t\t\t\t\t<div class=\"elementor-field\" id=\"form-field-field_6f07c32\"><div class=\"elementor-g-recaptcha\" data-sitekey=\"6LcjTCwqAAAAALSX9RvozovvEvN5hhyQOTopEbvl\" data-type=\"v3\" data-action=\"Form\" data-badge=\"bottomleft\" data-size=\"invisible\"><\/div><\/div>\t\t\t\t<\/div>\n\t\t\t\t\t\t\t\t<div class=\"elementor-field-group elementor-column elementor-field-type-submit elementor-col-100 e-form__buttons\">\n\t\t\t\t\t<button type=\"submit\" class=\"elementor-button elementor-size-sm elementor-animation-wobble-skew\">\n\t\t\t\t\t\t<span >\n\t\t\t\t\t\t\t\t\t\t\t\t\t\t\t<span class=\" elementor-button-icon\">\n\t\t\t\t\t\t\t\t\t\t\t\t\t\t\t\t\t\t\t\t\t\t\t\t\t\t<\/span>\n\t\t\t\t\t\t\t\t\t\t\t\t\t\t\t\t\t\t\t\t\t\t<span class=\"elementor-button-text\">Enviar<\/span>\n\t\t\t\t\t\t\t\t\t\t\t\t\t<\/span>\n\t\t\t\t\t<\/button>\n\t\t\t\t<\/div>\n\t\t\t<\/div>\n\t\t<\/form>\n\t\t\t\t<\/div>\n\t\t\t\t<\/div>\n\t\t\t\t\t<\/div>\n\t\t<\/div>\n\t\t\t\t\t<\/div>\n\t\t<\/section>\n\t\t\t\t<section class=\"elementor-section elementor-top-section elementor-element elementor-element-de4c36a elementor-section-full_width elementor-section-height-default elementor-section-height-default\" data-id=\"de4c36a\" data-element_type=\"section\">\n\t\t\t\t\t\t<div class=\"elementor-container elementor-column-gap-default\">\n\t\t\t\t\t<div class=\"elementor-column elementor-col-100 elementor-top-column elementor-element elementor-element-f31c287 ot-flex-column-vertical\" data-id=\"f31c287\" data-element_type=\"column\">\n\t\t\t<div class=\"elementor-widget-wrap elementor-element-populated\">\n\t\t\t\t\t\t<div class=\"elementor-element elementor-element-3e66202 elementor-widget elementor-widget-google_maps\" data-id=\"3e66202\" data-element_type=\"widget\" data-widget_type=\"google_maps.default\">\n\t\t\t\t<div class=\"elementor-widget-container\">\n\t\t\t\t\t<div class=\"elementor-custom-embed\">\n\t\t\t<iframe loading=\"lazy\"\n\t\t\t\t\tsrc=\"https:\/\/maps.google.com\/maps?q=Calle%20Pedro%20Moreno%201299-1145%2C%20Col%20Americana%2C%20Americana%2C%2044160%20Guadalajara%2C%20Jal.&#038;t=m&#038;z=13&#038;output=embed&#038;iwloc=near\"\n\t\t\t\t\ttitle=\"Calle Pedro Moreno 1299-1145, Col Americana, Americana, 44160 Guadalajara, Jal.\"\n\t\t\t\t\taria-label=\"Calle Pedro Moreno 1299-1145, Col Americana, Americana, 44160 Guadalajara, Jal.\"\n\t\t\t><\/iframe>\n\t\t<\/div>\n\t\t\t\t<\/div>\n\t\t\t\t<\/div>\n\t\t\t\t\t<\/div>\n\t\t<\/div>\n\t\t\t\t\t<\/div>\n\t\t<\/section>\n\t\t\t\t<\/div>\n\t\t","protected":false},"excerpt":{"rendered":"<p>Cont\u00e1ctanos Ll\u00e1manos o vis\u00edtanos en cualquier momento, nos esforzamos por responder a todas las consultas dentro de las 24 horas de los d\u00edas h\u00e1biles. Estaremos encantados de responder a tus preguntas. Direcci\u00f3n Pedro Moreno # 1189, Col Americana C.P.44160 Guadalajara, Jalisco, M\u00e9xico Tel\u00e9fono Oficina: (33)38263092 (33)35634042 (33)36770721 Correo cap@porteseguros.com<\/p>\n","protected":false},"author":1,"featured_media":0,"parent":0,"menu_order":0,"comment_status":"closed","ping_status":"closed","template":"","meta":{"footnotes":""},"yoast_head":"<!-- This site is optimized with the Yoast SEO plugin v22.3 - https:\/\/yoast.com\/wordpress\/plugins\/seo\/ -->\n<title>Contacto - Porte seguros - Agentes de seguros<\/title>\n<meta name=\"robots\" content=\"index, follow, max-snippet:-1, max-image-preview:large, max-video-preview:-1\" \/>\n<link rel=\"canonical\" href=\"https:\/\/porteseguros.com\/?page_id=455\" \/>\n<meta property=\"og:locale\" content=\"es_ES\" \/>\n<meta property=\"og:type\" content=\"article\" \/>\n<meta property=\"og:title\" content=\"Contacto - Porte seguros - Agentes de seguros\" \/>\n<meta property=\"og:description\" content=\"Cont\u00e1ctanos Ll\u00e1manos o vis\u00edtanos en cualquier momento, nos esforzamos por responder a todas las consultas dentro de las 24 horas de los d\u00edas h\u00e1biles. Estaremos encantados de responder a tus preguntas. Direcci\u00f3n Pedro Moreno # 1189, Col Americana C.P.44160 Guadalajara, Jalisco, M\u00e9xico Tel\u00e9fono Oficina: (33)38263092 (33)35634042 (33)36770721 Correo cap@porteseguros.com\" \/>\n<meta property=\"og:url\" content=\"https:\/\/porteseguros.com\/?page_id=455\" \/>\n<meta property=\"og:site_name\" content=\"Porte seguros - Agentes de seguros\" \/>\n<meta property=\"article:publisher\" content=\"https:\/\/www.facebook.com\/pages\/Porte-Seguros\/100105071582156\" \/>\n<meta property=\"article:modified_time\" content=\"2024-08-21T21:11:19+00:00\" \/>\n<meta property=\"og:image\" content=\"https:\/\/porteseguros.com\/wp-content\/uploads\/2021\/03\/portecentro-1.png\" \/>\n<meta name=\"twitter:card\" content=\"summary_large_image\" \/>\n<meta name=\"twitter:label1\" content=\"Tiempo de lectura\" \/>\n\t<meta name=\"twitter:data1\" content=\"1 minuto\" \/>\n<script type=\"application\/ld+json\" class=\"yoast-schema-graph\">{\"@context\":\"https:\/\/schema.org\",\"@graph\":[{\"@type\":\"WebPage\",\"@id\":\"https:\/\/porteseguros.com\/?page_id=455\",\"url\":\"https:\/\/porteseguros.com\/?page_id=455\",\"name\":\"Contacto - Porte seguros - Agentes de seguros\",\"isPartOf\":{\"@id\":\"https:\/\/porteseguros.com\/#website\"},\"primaryImageOfPage\":{\"@id\":\"https:\/\/porteseguros.com\/?page_id=455#primaryimage\"},\"image\":{\"@id\":\"https:\/\/porteseguros.com\/?page_id=455#primaryimage\"},\"thumbnailUrl\":\"https:\/\/porteseguros.com\/wp-content\/uploads\/2021\/03\/portecentro-1.png\",\"datePublished\":\"2020-09-04T09:27:58+00:00\",\"dateModified\":\"2024-08-21T21:11:19+00:00\",\"breadcrumb\":{\"@id\":\"https:\/\/porteseguros.com\/?page_id=455#breadcrumb\"},\"inLanguage\":\"es\",\"potentialAction\":[{\"@type\":\"ReadAction\",\"target\":[\"https:\/\/porteseguros.com\/?page_id=455\"]}]},{\"@type\":\"ImageObject\",\"inLanguage\":\"es\",\"@id\":\"https:\/\/porteseguros.com\/?page_id=455#primaryimage\",\"url\":\"https:\/\/porteseguros.com\/wp-content\/uploads\/2021\/03\/portecentro-1.png\",\"contentUrl\":\"https:\/\/porteseguros.com\/wp-content\/uploads\/2021\/03\/portecentro-1.png\",\"width\":560,\"height\":542},{\"@type\":\"BreadcrumbList\",\"@id\":\"https:\/\/porteseguros.com\/?page_id=455#breadcrumb\",\"itemListElement\":[{\"@type\":\"ListItem\",\"position\":1,\"name\":\"Portada\",\"item\":\"https:\/\/porteseguros.com\/\"},{\"@type\":\"ListItem\",\"position\":2,\"name\":\"Contacto\"}]},{\"@type\":\"WebSite\",\"@id\":\"https:\/\/porteseguros.com\/#website\",\"url\":\"https:\/\/porteseguros.com\/\",\"name\":\"Porte seguros\",\"description\":\"Seguro de autom\u00f3vil, seguro de gastos m\u00e9dicos, seguro de vida.\",\"publisher\":{\"@id\":\"https:\/\/porteseguros.com\/#organization\"},\"potentialAction\":[{\"@type\":\"SearchAction\",\"target\":{\"@type\":\"EntryPoint\",\"urlTemplate\":\"https:\/\/porteseguros.com\/?s={search_term_string}\"},\"query-input\":\"required name=search_term_string\"}],\"inLanguage\":\"es\"},{\"@type\":\"Organization\",\"@id\":\"https:\/\/porteseguros.com\/#organization\",\"name\":\"Porte Seguros\",\"url\":\"https:\/\/porteseguros.com\/\",\"logo\":{\"@type\":\"ImageObject\",\"inLanguage\":\"es\",\"@id\":\"https:\/\/porteseguros.com\/#\/schema\/logo\/image\/\",\"url\":\"https:\/\/porteseguros.com\/wp-content\/uploads\/2023\/11\/PorLog.jpg\",\"contentUrl\":\"https:\/\/porteseguros.com\/wp-content\/uploads\/2023\/11\/PorLog.jpg\",\"width\":200,\"height\":200,\"caption\":\"Porte Seguros\"},\"image\":{\"@id\":\"https:\/\/porteseguros.com\/#\/schema\/logo\/image\/\"},\"sameAs\":[\"https:\/\/www.facebook.com\/pages\/Porte-Seguros\/100105071582156\"]}]}<\/script>\n<!-- \/ Yoast SEO plugin. -->","yoast_head_json":{"title":"Contacto - Porte seguros - Agentes de seguros","robots":{"index":"index","follow":"follow","max-snippet":"max-snippet:-1","max-image-preview":"max-image-preview:large","max-video-preview":"max-video-preview:-1"},"canonical":"https:\/\/porteseguros.com\/?page_id=455","og_locale":"es_ES","og_type":"article","og_title":"Contacto - Porte seguros - Agentes de seguros","og_description":"Cont\u00e1ctanos Ll\u00e1manos o vis\u00edtanos en cualquier momento, nos esforzamos por responder a todas las consultas dentro de las 24 horas de los d\u00edas h\u00e1biles. Estaremos encantados de responder a tus preguntas. Direcci\u00f3n Pedro Moreno # 1189, Col Americana C.P.44160 Guadalajara, Jalisco, M\u00e9xico Tel\u00e9fono Oficina: (33)38263092 (33)35634042 (33)36770721 Correo cap@porteseguros.com","og_url":"https:\/\/porteseguros.com\/?page_id=455","og_site_name":"Porte seguros - Agentes de seguros","article_publisher":"https:\/\/www.facebook.com\/pages\/Porte-Seguros\/100105071582156","article_modified_time":"2024-08-21T21:11:19+00:00","og_image":[{"url":"https:\/\/porteseguros.com\/wp-content\/uploads\/2021\/03\/portecentro-1.png"}],"twitter_card":"summary_large_image","twitter_misc":{"Tiempo de lectura":"1 minuto"},"schema":{"@context":"https:\/\/schema.org","@graph":[{"@type":"WebPage","@id":"https:\/\/porteseguros.com\/?page_id=455","url":"https:\/\/porteseguros.com\/?page_id=455","name":"Contacto - Porte seguros - Agentes de seguros","isPartOf":{"@id":"https:\/\/porteseguros.com\/#website"},"primaryImageOfPage":{"@id":"https:\/\/porteseguros.com\/?page_id=455#primaryimage"},"image":{"@id":"https:\/\/porteseguros.com\/?page_id=455#primaryimage"},"thumbnailUrl":"https:\/\/porteseguros.com\/wp-content\/uploads\/2021\/03\/portecentro-1.png","datePublished":"2020-09-04T09:27:58+00:00","dateModified":"2024-08-21T21:11:19+00:00","breadcrumb":{"@id":"https:\/\/porteseguros.com\/?page_id=455#breadcrumb"},"inLanguage":"es","potentialAction":[{"@type":"ReadAction","target":["https:\/\/porteseguros.com\/?page_id=455"]}]},{"@type":"ImageObject","inLanguage":"es","@id":"https:\/\/porteseguros.com\/?page_id=455#primaryimage","url":"https:\/\/porteseguros.com\/wp-content\/uploads\/2021\/03\/portecentro-1.png","contentUrl":"https:\/\/porteseguros.com\/wp-content\/uploads\/2021\/03\/portecentro-1.png","width":560,"height":542},{"@type":"BreadcrumbList","@id":"https:\/\/porteseguros.com\/?page_id=455#breadcrumb","itemListElement":[{"@type":"ListItem","position":1,"name":"Portada","item":"https:\/\/porteseguros.com\/"},{"@type":"ListItem","position":2,"name":"Contacto"}]},{"@type":"WebSite","@id":"https:\/\/porteseguros.com\/#website","url":"https:\/\/porteseguros.com\/","name":"Porte seguros","description":"Seguro de autom\u00f3vil, seguro de gastos m\u00e9dicos, seguro de vida.","publisher":{"@id":"https:\/\/porteseguros.com\/#organization"},"potentialAction":[{"@type":"SearchAction","target":{"@type":"EntryPoint","urlTemplate":"https:\/\/porteseguros.com\/?s={search_term_string}"},"query-input":"required name=search_term_string"}],"inLanguage":"es"},{"@type":"Organization","@id":"https:\/\/porteseguros.com\/#organization","name":"Porte Seguros","url":"https:\/\/porteseguros.com\/","logo":{"@type":"ImageObject","inLanguage":"es","@id":"https:\/\/porteseguros.com\/#\/schema\/logo\/image\/","url":"https:\/\/porteseguros.com\/wp-content\/uploads\/2023\/11\/PorLog.jpg","contentUrl":"https:\/\/porteseguros.com\/wp-content\/uploads\/2023\/11\/PorLog.jpg","width":200,"height":200,"caption":"Porte Seguros"},"image":{"@id":"https:\/\/porteseguros.com\/#\/schema\/logo\/image\/"},"sameAs":["https:\/\/www.facebook.com\/pages\/Porte-Seguros\/100105071582156"]}]}},"_links":{"self":[{"href":"https:\/\/porteseguros.com\/index.php?rest_route=\/wp\/v2\/pages\/455"}],"collection":[{"href":"https:\/\/porteseguros.com\/index.php?rest_route=\/wp\/v2\/pages"}],"about":[{"href":"https:\/\/porteseguros.com\/index.php?rest_route=\/wp\/v2\/types\/page"}],"author":[{"embeddable":true,"href":"https:\/\/porteseguros.com\/index.php?rest_route=\/wp\/v2\/users\/1"}],"replies":[{"embeddable":true,"href":"https:\/\/porteseguros.com\/index.php?rest_route=%2Fwp%2Fv2%2Fcomments&post=455"}],"version-history":[{"count":40,"href":"https:\/\/porteseguros.com\/index.php?rest_route=\/wp\/v2\/pages\/455\/revisions"}],"predecessor-version":[{"id":4187,"href":"https:\/\/porteseguros.com\/index.php?rest_route=\/wp\/v2\/pages\/455\/revisions\/4187"}],"wp:attachment":[{"href":"https:\/\/porteseguros.com\/index.php?rest_route=%2Fwp%2Fv2%2Fmedia&parent=455"}],"curies":[{"name":"wp","href":"https:\/\/api.w.org\/{rel}","templated":true}]}}