{"id":2133,"date":"2021-03-08T07:23:13","date_gmt":"2021-03-08T07:23:13","guid":{"rendered":"https:\/\/porteseguros.com\/?page_id=2133"},"modified":"2024-08-21T21:04:08","modified_gmt":"2024-08-21T21:04:08","slug":"seguro-de-auto","status":"publish","type":"page","link":"https:\/\/porteseguros.com\/?page_id=2133","title":{"rendered":"Seguro de Auto"},"content":{"rendered":"\t\t<div data-elementor-type=\"wp-page\" data-elementor-id=\"2133\" class=\"elementor elementor-2133\" data-elementor-post-type=\"page\">\n\t\t\t\t\t\t<section class=\"elementor-section elementor-top-section elementor-element elementor-element-3cea38b8 elementor-section-height-min-height elementor-hidden-phone elementor-section-boxed elementor-section-height-default elementor-section-items-middle\" data-id=\"3cea38b8\" data-element_type=\"section\" data-settings=\"{&quot;background_background&quot;:&quot;slideshow&quot;,&quot;background_slideshow_gallery&quot;:[],&quot;background_slideshow_slide_duration&quot;:5000,&quot;background_slideshow_slide_transition&quot;:&quot;fade&quot;,&quot;background_slideshow_transition_duration&quot;:500}\">\n\t\t\t\t\t\t\t<div class=\"elementor-background-overlay\"><\/div>\n\t\t\t\t\t\t\t<div class=\"elementor-container elementor-column-gap-default\">\n\t\t\t\t\t<div class=\"elementor-column elementor-col-100 elementor-top-column elementor-element elementor-element-45bdd29 ot-flex-column-vertical\" data-id=\"45bdd29\" data-element_type=\"column\" data-settings=\"{&quot;background_background&quot;:&quot;classic&quot;}\">\n\t\t\t<div class=\"elementor-widget-wrap elementor-element-populated\">\n\t\t\t\t\t\t<div class=\"elementor-element elementor-element-d43f7c9 elementor-widget elementor-widget-image\" data-id=\"d43f7c9\" data-element_type=\"widget\" data-widget_type=\"image.default\">\n\t\t\t\t<div class=\"elementor-widget-container\">\n\t\t\t\t\t\t\t\t\t\t\t\t\t<img fetchpriority=\"high\" decoding=\"async\" width=\"1024\" height=\"386\" src=\"https:\/\/porteseguros.com\/wp-content\/uploads\/2021\/03\/logoporte-1-1536x579-2-1024x386.png\" class=\"attachment-large size-large wp-image-1751\" alt=\"\" srcset=\"https:\/\/porteseguros.com\/wp-content\/uploads\/2021\/03\/logoporte-1-1536x579-2-1024x386.png 1024w, https:\/\/porteseguros.com\/wp-content\/uploads\/2021\/03\/logoporte-1-1536x579-2-300x113.png 300w, https:\/\/porteseguros.com\/wp-content\/uploads\/2021\/03\/logoporte-1-1536x579-2-768x290.png 768w, https:\/\/porteseguros.com\/wp-content\/uploads\/2021\/03\/logoporte-1-1536x579-2.png 1536w\" sizes=\"(max-width: 1024px) 100vw, 1024px\" \/>\t\t\t\t\t\t\t\t\t\t\t\t\t<\/div>\n\t\t\t\t<\/div>\n\t\t\t\t<section class=\"elementor-section elementor-inner-section elementor-element elementor-element-63a4a980 elementor-section-boxed elementor-section-height-default elementor-section-height-default\" data-id=\"63a4a980\" data-element_type=\"section\">\n\t\t\t\t\t\t<div class=\"elementor-container elementor-column-gap-default\">\n\t\t\t\t\t<div class=\"elementor-column elementor-col-33 elementor-inner-column elementor-element elementor-element-578f78ad ot-flex-column-vertical\" data-id=\"578f78ad\" data-element_type=\"column\">\n\t\t\t<div class=\"elementor-widget-wrap elementor-element-populated\">\n\t\t\t\t\t\t<div class=\"elementor-element elementor-element-51cee360 elementor-widget elementor-widget-image\" data-id=\"51cee360\" data-element_type=\"widget\" data-widget_type=\"image.default\">\n\t\t\t\t<div class=\"elementor-widget-container\">\n\t\t\t\t\t\t\t\t\t\t\t\t\t<img decoding=\"async\" width=\"1024\" height=\"370\" src=\"https:\/\/porteseguros.com\/wp-content\/uploads\/2021\/03\/qualit.png\" class=\"attachment-large size-large wp-image-2643\" alt=\"\" srcset=\"https:\/\/porteseguros.com\/wp-content\/uploads\/2021\/03\/qualit.png 1024w, https:\/\/porteseguros.com\/wp-content\/uploads\/2021\/03\/qualit-300x108.png 300w, https:\/\/porteseguros.com\/wp-content\/uploads\/2021\/03\/qualit-768x278.png 768w\" sizes=\"(max-width: 1024px) 100vw, 1024px\" \/>\t\t\t\t\t\t\t\t\t\t\t\t\t<\/div>\n\t\t\t\t<\/div>\n\t\t\t\t<div class=\"elementor-element elementor-element-3d4b66c elementor-align-center elementor-widget elementor-widget-button\" data-id=\"3d4b66c\" data-element_type=\"widget\" data-widget_type=\"button.default\">\n\t\t\t\t<div class=\"elementor-widget-container\">\n\t\t\t\t\t<div class=\"elementor-button-wrapper\">\n\t\t\t<a class=\"elementor-button elementor-button-link elementor-size-sm elementor-animation-shrink\" href=\"https:\/\/porteseguros.com\/?page_id=2928\">\n\t\t\t\t\t\t<span class=\"elementor-button-content-wrapper\">\n\t\t\t\t\t\t<span class=\"elementor-button-text\">M\u00e1s informaci\u00f3n<\/span>\n\t\t<\/span>\n\t\t\t\t\t<\/a>\n\t\t<\/div>\n\t\t\t\t<\/div>\n\t\t\t\t<\/div>\n\t\t\t\t\t<\/div>\n\t\t<\/div>\n\t\t\t\t<div class=\"elementor-column elementor-col-33 elementor-inner-column elementor-element elementor-element-b6c57dc ot-flex-column-vertical\" data-id=\"b6c57dc\" data-element_type=\"column\">\n\t\t\t<div class=\"elementor-widget-wrap elementor-element-populated\">\n\t\t\t\t\t\t<div class=\"elementor-element elementor-element-e7f9a15 elementor-widget elementor-widget-heading\" data-id=\"e7f9a15\" data-element_type=\"widget\" data-widget_type=\"heading.default\">\n\t\t\t\t<div class=\"elementor-widget-container\">\n\t\t\t<h2 class=\"elementor-heading-title elementor-size-default\">Seguro de auto<\/h2>\t\t<\/div>\n\t\t\t\t<\/div>\n\t\t\t\t\t<\/div>\n\t\t<\/div>\n\t\t\t\t<div class=\"elementor-column elementor-col-33 elementor-inner-column elementor-element elementor-element-1c0d8a66 ot-flex-column-vertical\" data-id=\"1c0d8a66\" data-element_type=\"column\">\n\t\t\t<div class=\"elementor-widget-wrap elementor-element-populated\">\n\t\t\t\t\t\t<div class=\"elementor-element elementor-element-a586a4d elementor-widget elementor-widget-image\" data-id=\"a586a4d\" data-element_type=\"widget\" data-widget_type=\"image.default\">\n\t\t\t\t<div class=\"elementor-widget-container\">\n\t\t\t\t\t\t\t\t\t\t\t\t\t<img decoding=\"async\" width=\"1024\" height=\"313\" src=\"https:\/\/porteseguros.com\/wp-content\/uploads\/2021\/03\/gnplogo1-1024x313.png\" class=\"attachment-large size-large wp-image-1790\" alt=\"\" srcset=\"https:\/\/porteseguros.com\/wp-content\/uploads\/2021\/03\/gnplogo1-1024x313.png 1024w, https:\/\/porteseguros.com\/wp-content\/uploads\/2021\/03\/gnplogo1-300x92.png 300w, https:\/\/porteseguros.com\/wp-content\/uploads\/2021\/03\/gnplogo1-768x235.png 768w, https:\/\/porteseguros.com\/wp-content\/uploads\/2021\/03\/gnplogo1.png 1200w\" sizes=\"(max-width: 1024px) 100vw, 1024px\" \/>\t\t\t\t\t\t\t\t\t\t\t\t\t<\/div>\n\t\t\t\t<\/div>\n\t\t\t\t<div class=\"elementor-element elementor-element-49d01a1 elementor-align-center elementor-widget elementor-widget-button\" data-id=\"49d01a1\" data-element_type=\"widget\" data-widget_type=\"button.default\">\n\t\t\t\t<div class=\"elementor-widget-container\">\n\t\t\t\t\t<div class=\"elementor-button-wrapper\">\n\t\t\t<a class=\"elementor-button elementor-button-link elementor-size-sm elementor-animation-shrink\" href=\"https:\/\/porteseguros.com\/?page_id=2911\">\n\t\t\t\t\t\t<span class=\"elementor-button-content-wrapper\">\n\t\t\t\t\t\t<span class=\"elementor-button-text\">M\u00e1s informaci\u00f3n<\/span>\n\t\t<\/span>\n\t\t\t\t\t<\/a>\n\t\t<\/div>\n\t\t\t\t<\/div>\n\t\t\t\t<\/div>\n\t\t\t\t\t<\/div>\n\t\t<\/div>\n\t\t\t\t\t<\/div>\n\t\t<\/section>\n\t\t\t\t<div class=\"elementor-element elementor-element-b8db9e5 elementor-widget elementor-widget-heading\" data-id=\"b8db9e5\" data-element_type=\"widget\" data-widget_type=\"heading.default\">\n\t\t\t\t<div class=\"elementor-widget-container\">\n\t\t\t<h2 class=\"elementor-heading-title elementor-size-default\">Cotiza f\u00e1cilmente<\/h2>\t\t<\/div>\n\t\t\t\t<\/div>\n\t\t\t\t<div class=\"elementor-element elementor-element-182442e elementor-button-align-center elementor-widget elementor-widget-form\" data-id=\"182442e\" data-element_type=\"widget\" data-settings=\"{&quot;step_next_label&quot;:&quot;Next&quot;,&quot;step_previous_label&quot;:&quot;Previous&quot;,&quot;step_type&quot;:&quot;number_text&quot;,&quot;step_icon_shape&quot;:&quot;circle&quot;}\" data-widget_type=\"form.default\">\n\t\t\t\t<div class=\"elementor-widget-container\">\n\t\t\t\t\t<form class=\"elementor-form\" method=\"post\" name=\"GMM\">\n\t\t\t<input type=\"hidden\" name=\"post_id\" value=\"2133\"\/>\n\t\t\t<input type=\"hidden\" name=\"form_id\" value=\"182442e\"\/>\n\t\t\t<input type=\"hidden\" name=\"referer_title\" value=\"Porte seguros &#8211; Agentes de seguros\" \/>\n\n\t\t\t\n\t\t\t<div class=\"elementor-form-fields-wrapper elementor-labels-\">\n\t\t\t\t\t\t\t\t<div class=\"elementor-field-type-text elementor-field-group elementor-column elementor-field-group-ws2hbkk elementor-col-50 elementor-field-required\">\n\t\t\t\t\t\t\t\t\t\t\t\t<label for=\"form-field-ws2hbkk\" class=\"elementor-field-label elementor-screen-only\">\n\t\t\t\t\t\t\t\tNombre\t\t\t\t\t\t\t<\/label>\n\t\t\t\t\t\t\t\t\t\t\t\t\t\t<input size=\"1\" type=\"text\" name=\"form_fields[ws2hbkk]\" id=\"form-field-ws2hbkk\" class=\"elementor-field elementor-size-sm  elementor-field-textual\" placeholder=\"Nombre\" required=\"required\" aria-required=\"true\">\n\t\t\t\t\t\t\t\t\t\t\t<\/div>\n\t\t\t\t\t\t\t\t<div class=\"elementor-field-type-text elementor-field-group elementor-column elementor-field-group-9qvq9sb elementor-col-50 elementor-field-required\">\n\t\t\t\t\t\t\t\t\t\t\t\t<label for=\"form-field-9qvq9sb\" class=\"elementor-field-label elementor-screen-only\">\n\t\t\t\t\t\t\t\tTel\u00e9fono\t\t\t\t\t\t\t<\/label>\n\t\t\t\t\t\t\t\t\t\t\t\t\t\t<input size=\"1\" type=\"text\" name=\"form_fields[9qvq9sb]\" id=\"form-field-9qvq9sb\" class=\"elementor-field elementor-size-sm  elementor-field-textual\" placeholder=\"Tel\u00e9fono\" required=\"required\" aria-required=\"true\">\n\t\t\t\t\t\t\t\t\t\t\t<\/div>\n\t\t\t\t\t\t\t\t<div class=\"elementor-field-type-email elementor-field-group elementor-column elementor-field-group-13k7qic elementor-col-50 elementor-field-required\">\n\t\t\t\t\t\t\t\t\t\t\t\t<label for=\"form-field-13k7qic\" class=\"elementor-field-label elementor-screen-only\">\n\t\t\t\t\t\t\t\tEmail\t\t\t\t\t\t\t<\/label>\n\t\t\t\t\t\t\t\t\t\t\t\t\t\t<input size=\"1\" type=\"email\" name=\"form_fields[13k7qic]\" id=\"form-field-13k7qic\" class=\"elementor-field elementor-size-sm  elementor-field-textual\" placeholder=\"Correo\" required=\"required\" aria-required=\"true\">\n\t\t\t\t\t\t\t\t\t\t\t<\/div>\n\t\t\t\t\t\t\t\t<div class=\"elementor-field-type-text elementor-field-group elementor-column elementor-field-group-field_8786310 elementor-col-50 elementor-field-required\">\n\t\t\t\t\t\t\t\t\t\t\t\t<label for=\"form-field-field_8786310\" class=\"elementor-field-label elementor-screen-only\">\n\t\t\t\t\t\t\t\tMarca Autom\u00f3vil\t\t\t\t\t\t\t<\/label>\n\t\t\t\t\t\t\t\t\t\t\t\t\t\t<input size=\"1\" type=\"text\" name=\"form_fields[field_8786310]\" id=\"form-field-field_8786310\" class=\"elementor-field elementor-size-sm  elementor-field-textual\" placeholder=\"Marca Autom\u00f3vil\" required=\"required\" aria-required=\"true\">\n\t\t\t\t\t\t\t\t\t\t\t<\/div>\n\t\t\t\t\t\t\t\t<div class=\"elementor-field-type-text elementor-field-group elementor-column elementor-field-group-field_1576b15 elementor-col-50 elementor-field-required\">\n\t\t\t\t\t\t\t\t\t\t\t\t<label for=\"form-field-field_1576b15\" class=\"elementor-field-label elementor-screen-only\">\n\t\t\t\t\t\t\t\tModelo\t\t\t\t\t\t\t<\/label>\n\t\t\t\t\t\t\t\t\t\t\t\t\t\t<input size=\"1\" type=\"text\" name=\"form_fields[field_1576b15]\" id=\"form-field-field_1576b15\" class=\"elementor-field elementor-size-sm  elementor-field-textual\" placeholder=\"Modelo\" required=\"required\" aria-required=\"true\">\n\t\t\t\t\t\t\t\t\t\t\t<\/div>\n\t\t\t\t\t\t\t\t<div class=\"elementor-field-type-text elementor-field-group elementor-column elementor-field-group-field_13cde42 elementor-col-50 elementor-field-required\">\n\t\t\t\t\t\t\t\t\t\t\t\t<label for=\"form-field-field_13cde42\" class=\"elementor-field-label elementor-screen-only\">\n\t\t\t\t\t\t\t\tA\u00f1o\t\t\t\t\t\t\t<\/label>\n\t\t\t\t\t\t\t\t\t\t\t\t\t\t<input size=\"1\" type=\"text\" name=\"form_fields[field_13cde42]\" id=\"form-field-field_13cde42\" class=\"elementor-field elementor-size-sm  elementor-field-textual\" placeholder=\"A\u00f1o \" required=\"required\" aria-required=\"true\">\n\t\t\t\t\t\t\t\t\t\t\t<\/div>\n\t\t\t\t\t\t\t\t<div class=\"elementor-field-type-recaptcha_v3 elementor-field-group elementor-column elementor-field-group-field_7f6f432 elementor-col-100 recaptcha_v3-bottomleft\">\n\t\t\t\t\t<div class=\"elementor-field\" id=\"form-field-field_7f6f432\"><div class=\"elementor-g-recaptcha\" data-sitekey=\"6LcjTCwqAAAAALSX9RvozovvEvN5hhyQOTopEbvl\" data-type=\"v3\" data-action=\"Form\" data-badge=\"bottomleft\" data-size=\"invisible\"><\/div><\/div>\t\t\t\t<\/div>\n\t\t\t\t\t\t\t\t<div class=\"elementor-field-group elementor-column elementor-field-type-submit elementor-col-100 e-form__buttons\">\n\t\t\t\t\t<button type=\"submit\" class=\"elementor-button elementor-size-sm elementor-animation-wobble-skew\">\n\t\t\t\t\t\t<span >\n\t\t\t\t\t\t\t\t\t\t\t\t\t\t\t<span class=\" elementor-button-icon\">\n\t\t\t\t\t\t\t\t\t\t\t\t\t\t\t\t\t\t\t\t\t\t\t\t\t\t<\/span>\n\t\t\t\t\t\t\t\t\t\t\t\t\t\t\t\t\t\t\t\t\t\t<span class=\"elementor-button-text\">\u00a1Cotizar!<\/span>\n\t\t\t\t\t\t\t\t\t\t\t\t\t<\/span>\n\t\t\t\t\t<\/button>\n\t\t\t\t<\/div>\n\t\t\t<\/div>\n\t\t<\/form>\n\t\t\t\t<\/div>\n\t\t\t\t<\/div>\n\t\t\t\t\t<\/div>\n\t\t<\/div>\n\t\t\t\t\t<\/div>\n\t\t<\/section>\n\t\t\t\t<section class=\"elementor-section elementor-top-section elementor-element elementor-element-bbafa8b elementor-section-boxed elementor-section-height-default elementor-section-height-default\" data-id=\"bbafa8b\" data-element_type=\"section\">\n\t\t\t\t\t\t<div class=\"elementor-container elementor-column-gap-default\">\n\t\t\t\t\t\t<\/div>\n\t\t<\/section>\n\t\t\t\t<section class=\"elementor-section elementor-top-section elementor-element elementor-element-8ab47d2 elementor-section-content-middle elementor-section-height-full elementor-section-boxed elementor-section-height-default elementor-section-items-middle\" data-id=\"8ab47d2\" data-element_type=\"section\">\n\t\t\t\t\t\t<div class=\"elementor-container elementor-column-gap-no\">\n\t\t\t\t\t<div class=\"elementor-column elementor-col-100 elementor-top-column elementor-element elementor-element-e0c670e ot-flex-column-vertical\" data-id=\"e0c670e\" data-element_type=\"column\">\n\t\t\t<div class=\"elementor-widget-wrap elementor-element-populated\">\n\t\t\t\t\t\t<div class=\"elementor-element elementor-element-3abdd21 elementor-widget elementor-widget-heading\" data-id=\"3abdd21\" data-element_type=\"widget\" data-widget_type=\"heading.default\">\n\t\t\t\t<div class=\"elementor-widget-container\">\n\t\t\t<span class=\"elementor-heading-title elementor-size-default\">Contacto\n<p>Exclusivo Seguro de autom\u00f3vil<\/p<<\/span>\t\t<\/div>\n\t\t\t\t<\/div>\n\t\t\t\t<div class=\"elementor-element elementor-element-4477f90 elementor-widget elementor-widget-heading\" data-id=\"4477f90\" data-element_type=\"widget\" data-widget_type=\"heading.default\">\n\t\t\t\t<div class=\"elementor-widget-container\">\n\t\t\t<h4 class=\"elementor-heading-title elementor-size-default\">Tel. 33 36 77 07 23<\/h4>\t\t<\/div>\n\t\t\t\t<\/div>\n\t\t\t\t<div class=\"elementor-element elementor-element-d684897 elementor-hidden-desktop elementor-hidden-tablet elementor-hidden-mobile elementor-widget elementor-widget-heading\" data-id=\"d684897\" data-element_type=\"widget\" data-widget_type=\"heading.default\">\n\t\t\t\t<div class=\"elementor-widget-container\">\n\t\t\t<h4 class=\"elementor-heading-title elementor-size-default\">Tel. 3338263092, 3335634042 y 3336770721<\/h4>\t\t<\/div>\n\t\t\t\t<\/div>\n\t\t\t\t<div class=\"elementor-element elementor-element-bfdf820 elementor-widget elementor-widget-spacer\" data-id=\"bfdf820\" data-element_type=\"widget\" data-widget_type=\"spacer.default\">\n\t\t\t\t<div class=\"elementor-widget-container\">\n\t\t\t\t\t<div class=\"elementor-spacer\">\n\t\t\t<div class=\"elementor-spacer-inner\"><\/div>\n\t\t<\/div>\n\t\t\t\t<\/div>\n\t\t\t\t<\/div>\n\t\t\t\t<div class=\"elementor-element elementor-element-2e9625a elementor-widget elementor-widget-google_maps\" data-id=\"2e9625a\" data-element_type=\"widget\" data-widget_type=\"google_maps.default\">\n\t\t\t\t<div class=\"elementor-widget-container\">\n\t\t\t\t\t<div class=\"elementor-custom-embed\">\n\t\t\t<iframe loading=\"lazy\"\n\t\t\t\t\tsrc=\"https:\/\/maps.google.com\/maps?q=Pedro%20moreno%201189%20colonia%20americana&#038;t=m&#038;z=18&#038;output=embed&#038;iwloc=near\"\n\t\t\t\t\ttitle=\"Pedro moreno 1189 colonia americana\"\n\t\t\t\t\taria-label=\"Pedro moreno 1189 colonia americana\"\n\t\t\t><\/iframe>\n\t\t<\/div>\n\t\t\t\t<\/div>\n\t\t\t\t<\/div>\n\t\t\t\t\t<\/div>\n\t\t<\/div>\n\t\t\t\t\t<\/div>\n\t\t<\/section>\n\t\t\t\t<\/div>\n\t\t","protected":false},"excerpt":{"rendered":"<p>M\u00e1s informaci\u00f3n Seguro de auto M\u00e1s informaci\u00f3n Cotiza f\u00e1cilmente Contacto Exclusivo Seguro de autom\u00f3vil<\/p>\n","protected":false},"author":1,"featured_media":0,"parent":0,"menu_order":0,"comment_status":"closed","ping_status":"closed","template":"","meta":{"footnotes":""},"yoast_head":"<!-- This site is optimized with the Yoast SEO plugin v22.3 - https:\/\/yoast.com\/wordpress\/plugins\/seo\/ -->\n<title>Seguro de Auto - Porte seguros - Agentes de seguros<\/title>\n<meta name=\"description\" content=\"Contamos con una amplia gama de seguros para autom\u00f3vil con diferentes tipos de coberturas, elije la que mejor se adapte a tu necesidad. Cotiza\" \/>\n<meta name=\"robots\" content=\"index, follow, max-snippet:-1, max-image-preview:large, max-video-preview:-1\" \/>\n<link rel=\"canonical\" href=\"https:\/\/porteseguros.com\/?page_id=2133\" \/>\n<meta property=\"og:locale\" content=\"es_ES\" \/>\n<meta property=\"og:type\" content=\"article\" \/>\n<meta property=\"og:title\" content=\"Seguro de Auto - Porte seguros - Agentes de seguros\" \/>\n<meta property=\"og:description\" content=\"Contamos con una amplia gama de seguros para autom\u00f3vil con diferentes tipos de coberturas, elije la que mejor se adapte a tu necesidad. Cotiza\" \/>\n<meta property=\"og:url\" content=\"https:\/\/porteseguros.com\/?page_id=2133\" \/>\n<meta property=\"og:site_name\" content=\"Porte seguros - Agentes de seguros\" \/>\n<meta property=\"article:publisher\" content=\"https:\/\/www.facebook.com\/pages\/Porte-Seguros\/100105071582156\" \/>\n<meta property=\"article:modified_time\" content=\"2024-08-21T21:04:08+00:00\" \/>\n<meta property=\"og:image\" content=\"https:\/\/porteseguros.com\/wp-content\/uploads\/2021\/03\/logoporte-1-1536x579-2-1024x386.png\" \/>\n<meta name=\"twitter:card\" content=\"summary_large_image\" \/>\n<meta name=\"twitter:label1\" content=\"Tiempo de lectura\" \/>\n\t<meta name=\"twitter:data1\" content=\"1 minuto\" \/>\n<script type=\"application\/ld+json\" class=\"yoast-schema-graph\">{\"@context\":\"https:\/\/schema.org\",\"@graph\":[{\"@type\":\"WebPage\",\"@id\":\"https:\/\/porteseguros.com\/?page_id=2133\",\"url\":\"https:\/\/porteseguros.com\/?page_id=2133\",\"name\":\"Seguro de Auto - Porte seguros - Agentes de seguros\",\"isPartOf\":{\"@id\":\"https:\/\/porteseguros.com\/#website\"},\"primaryImageOfPage\":{\"@id\":\"https:\/\/porteseguros.com\/?page_id=2133#primaryimage\"},\"image\":{\"@id\":\"https:\/\/porteseguros.com\/?page_id=2133#primaryimage\"},\"thumbnailUrl\":\"https:\/\/porteseguros.com\/wp-content\/uploads\/2021\/03\/logoporte-1-1536x579-2-1024x386.png\",\"datePublished\":\"2021-03-08T07:23:13+00:00\",\"dateModified\":\"2024-08-21T21:04:08+00:00\",\"description\":\"Contamos con una amplia gama de seguros para autom\u00f3vil con diferentes tipos de coberturas, elije la que mejor se adapte a tu necesidad. Cotiza\",\"breadcrumb\":{\"@id\":\"https:\/\/porteseguros.com\/?page_id=2133#breadcrumb\"},\"inLanguage\":\"es\",\"potentialAction\":[{\"@type\":\"ReadAction\",\"target\":[\"https:\/\/porteseguros.com\/?page_id=2133\"]}]},{\"@type\":\"ImageObject\",\"inLanguage\":\"es\",\"@id\":\"https:\/\/porteseguros.com\/?page_id=2133#primaryimage\",\"url\":\"https:\/\/porteseguros.com\/wp-content\/uploads\/2021\/03\/logoporte-1-1536x579-2.png\",\"contentUrl\":\"https:\/\/porteseguros.com\/wp-content\/uploads\/2021\/03\/logoporte-1-1536x579-2.png\",\"width\":1536,\"height\":579},{\"@type\":\"BreadcrumbList\",\"@id\":\"https:\/\/porteseguros.com\/?page_id=2133#breadcrumb\",\"itemListElement\":[{\"@type\":\"ListItem\",\"position\":1,\"name\":\"Portada\",\"item\":\"https:\/\/porteseguros.com\/\"},{\"@type\":\"ListItem\",\"position\":2,\"name\":\"Seguro de Auto\"}]},{\"@type\":\"WebSite\",\"@id\":\"https:\/\/porteseguros.com\/#website\",\"url\":\"https:\/\/porteseguros.com\/\",\"name\":\"Porte seguros\",\"description\":\"Seguro de autom\u00f3vil, seguro de gastos m\u00e9dicos, seguro de vida.\",\"publisher\":{\"@id\":\"https:\/\/porteseguros.com\/#organization\"},\"potentialAction\":[{\"@type\":\"SearchAction\",\"target\":{\"@type\":\"EntryPoint\",\"urlTemplate\":\"https:\/\/porteseguros.com\/?s={search_term_string}\"},\"query-input\":\"required name=search_term_string\"}],\"inLanguage\":\"es\"},{\"@type\":\"Organization\",\"@id\":\"https:\/\/porteseguros.com\/#organization\",\"name\":\"Porte Seguros\",\"url\":\"https:\/\/porteseguros.com\/\",\"logo\":{\"@type\":\"ImageObject\",\"inLanguage\":\"es\",\"@id\":\"https:\/\/porteseguros.com\/#\/schema\/logo\/image\/\",\"url\":\"https:\/\/porteseguros.com\/wp-content\/uploads\/2023\/11\/PorLog.jpg\",\"contentUrl\":\"https:\/\/porteseguros.com\/wp-content\/uploads\/2023\/11\/PorLog.jpg\",\"width\":200,\"height\":200,\"caption\":\"Porte Seguros\"},\"image\":{\"@id\":\"https:\/\/porteseguros.com\/#\/schema\/logo\/image\/\"},\"sameAs\":[\"https:\/\/www.facebook.com\/pages\/Porte-Seguros\/100105071582156\"]}]}<\/script>\n<!-- \/ Yoast SEO plugin. -->","yoast_head_json":{"title":"Seguro de Auto - Porte seguros - Agentes de seguros","description":"Contamos con una amplia gama de seguros para autom\u00f3vil con diferentes tipos de coberturas, elije la que mejor se adapte a tu necesidad. Cotiza","robots":{"index":"index","follow":"follow","max-snippet":"max-snippet:-1","max-image-preview":"max-image-preview:large","max-video-preview":"max-video-preview:-1"},"canonical":"https:\/\/porteseguros.com\/?page_id=2133","og_locale":"es_ES","og_type":"article","og_title":"Seguro de Auto - Porte seguros - Agentes de seguros","og_description":"Contamos con una amplia gama de seguros para autom\u00f3vil con diferentes tipos de coberturas, elije la que mejor se adapte a tu necesidad. Cotiza","og_url":"https:\/\/porteseguros.com\/?page_id=2133","og_site_name":"Porte seguros - Agentes de seguros","article_publisher":"https:\/\/www.facebook.com\/pages\/Porte-Seguros\/100105071582156","article_modified_time":"2024-08-21T21:04:08+00:00","og_image":[{"url":"https:\/\/porteseguros.com\/wp-content\/uploads\/2021\/03\/logoporte-1-1536x579-2-1024x386.png"}],"twitter_card":"summary_large_image","twitter_misc":{"Tiempo de lectura":"1 minuto"},"schema":{"@context":"https:\/\/schema.org","@graph":[{"@type":"WebPage","@id":"https:\/\/porteseguros.com\/?page_id=2133","url":"https:\/\/porteseguros.com\/?page_id=2133","name":"Seguro de Auto - Porte seguros - Agentes de seguros","isPartOf":{"@id":"https:\/\/porteseguros.com\/#website"},"primaryImageOfPage":{"@id":"https:\/\/porteseguros.com\/?page_id=2133#primaryimage"},"image":{"@id":"https:\/\/porteseguros.com\/?page_id=2133#primaryimage"},"thumbnailUrl":"https:\/\/porteseguros.com\/wp-content\/uploads\/2021\/03\/logoporte-1-1536x579-2-1024x386.png","datePublished":"2021-03-08T07:23:13+00:00","dateModified":"2024-08-21T21:04:08+00:00","description":"Contamos con una amplia gama de seguros para autom\u00f3vil con diferentes tipos de coberturas, elije la que mejor se adapte a tu necesidad. Cotiza","breadcrumb":{"@id":"https:\/\/porteseguros.com\/?page_id=2133#breadcrumb"},"inLanguage":"es","potentialAction":[{"@type":"ReadAction","target":["https:\/\/porteseguros.com\/?page_id=2133"]}]},{"@type":"ImageObject","inLanguage":"es","@id":"https:\/\/porteseguros.com\/?page_id=2133#primaryimage","url":"https:\/\/porteseguros.com\/wp-content\/uploads\/2021\/03\/logoporte-1-1536x579-2.png","contentUrl":"https:\/\/porteseguros.com\/wp-content\/uploads\/2021\/03\/logoporte-1-1536x579-2.png","width":1536,"height":579},{"@type":"BreadcrumbList","@id":"https:\/\/porteseguros.com\/?page_id=2133#breadcrumb","itemListElement":[{"@type":"ListItem","position":1,"name":"Portada","item":"https:\/\/porteseguros.com\/"},{"@type":"ListItem","position":2,"name":"Seguro de Auto"}]},{"@type":"WebSite","@id":"https:\/\/porteseguros.com\/#website","url":"https:\/\/porteseguros.com\/","name":"Porte seguros","description":"Seguro de autom\u00f3vil, seguro de gastos m\u00e9dicos, seguro de vida.","publisher":{"@id":"https:\/\/porteseguros.com\/#organization"},"potentialAction":[{"@type":"SearchAction","target":{"@type":"EntryPoint","urlTemplate":"https:\/\/porteseguros.com\/?s={search_term_string}"},"query-input":"required name=search_term_string"}],"inLanguage":"es"},{"@type":"Organization","@id":"https:\/\/porteseguros.com\/#organization","name":"Porte Seguros","url":"https:\/\/porteseguros.com\/","logo":{"@type":"ImageObject","inLanguage":"es","@id":"https:\/\/porteseguros.com\/#\/schema\/logo\/image\/","url":"https:\/\/porteseguros.com\/wp-content\/uploads\/2023\/11\/PorLog.jpg","contentUrl":"https:\/\/porteseguros.com\/wp-content\/uploads\/2023\/11\/PorLog.jpg","width":200,"height":200,"caption":"Porte Seguros"},"image":{"@id":"https:\/\/porteseguros.com\/#\/schema\/logo\/image\/"},"sameAs":["https:\/\/www.facebook.com\/pages\/Porte-Seguros\/100105071582156"]}]}},"_links":{"self":[{"href":"https:\/\/porteseguros.com\/index.php?rest_route=\/wp\/v2\/pages\/2133"}],"collection":[{"href":"https:\/\/porteseguros.com\/index.php?rest_route=\/wp\/v2\/pages"}],"about":[{"href":"https:\/\/porteseguros.com\/index.php?rest_route=\/wp\/v2\/types\/page"}],"author":[{"embeddable":true,"href":"https:\/\/porteseguros.com\/index.php?rest_route=\/wp\/v2\/users\/1"}],"replies":[{"embeddable":true,"href":"https:\/\/porteseguros.com\/index.php?rest_route=%2Fwp%2Fv2%2Fcomments&post=2133"}],"version-history":[{"count":145,"href":"https:\/\/porteseguros.com\/index.php?rest_route=\/wp\/v2\/pages\/2133\/revisions"}],"predecessor-version":[{"id":4181,"href":"https:\/\/porteseguros.com\/index.php?rest_route=\/wp\/v2\/pages\/2133\/revisions\/4181"}],"wp:attachment":[{"href":"https:\/\/porteseguros.com\/index.php?rest_route=%2Fwp%2Fv2%2Fmedia&parent=2133"}],"curies":[{"name":"wp","href":"https:\/\/api.w.org\/{rel}","templated":true}]}}